{"id":63,"date":"2024-07-29T21:31:52","date_gmt":"2024-07-29T21:31:52","guid":{"rendered":"https:\/\/192.168.0.135\/?page_id=63"},"modified":"2025-06-04T19:46:48","modified_gmt":"2025-06-04T17:46:48","slug":"oplaty-ogrodowe","status":"publish","type":"page","link":"https:\/\/rodzablocie.eu\/?page_id=63","title":{"rendered":"Op\u0142aty"},"content":{"rendered":"\n<div class=\"wp-block-cover is-light\"><img loading=\"lazy\" decoding=\"async\" width=\"2560\" height=\"1707\" class=\"wp-block-cover__image-background wp-image-704\" alt=\"\" src=\"https:\/\/rodzablocie.eu\/wp-content\/uploads\/2024\/09\/ibrahim-rifath-OApHds2yEGQ-unsplash-scaled.jpg\" data-object-fit=\"cover\" srcset=\"https:\/\/rodzablocie.eu\/wp-content\/uploads\/2024\/09\/ibrahim-rifath-OApHds2yEGQ-unsplash-scaled.jpg 2560w, https:\/\/rodzablocie.eu\/wp-content\/uploads\/2024\/09\/ibrahim-rifath-OApHds2yEGQ-unsplash-300x200.jpg 300w, https:\/\/rodzablocie.eu\/wp-content\/uploads\/2024\/09\/ibrahim-rifath-OApHds2yEGQ-unsplash-1024x683.jpg 1024w, https:\/\/rodzablocie.eu\/wp-content\/uploads\/2024\/09\/ibrahim-rifath-OApHds2yEGQ-unsplash-768x512.jpg 768w, https:\/\/rodzablocie.eu\/wp-content\/uploads\/2024\/09\/ibrahim-rifath-OApHds2yEGQ-unsplash-1536x1024.jpg 1536w, https:\/\/rodzablocie.eu\/wp-content\/uploads\/2024\/09\/ibrahim-rifath-OApHds2yEGQ-unsplash-2048x1365.jpg 2048w\" sizes=\"auto, (max-width: 2560px) 100vw, 2560px\" \/><span aria-hidden=\"true\" class=\"wp-block-cover__background has-background-dim-80 has-background-dim\" style=\"background-color:#e4deda\"><\/span><div class=\"wp-block-cover__inner-container is-layout-constrained wp-block-cover-is-layout-constrained\">\n<p class=\"has-text-align-center has-large-font-size\"><strong>Op\u0142aty za dzia\u0142k\u0119 obowi\u0105zuj\u0105ce w ROD Zab\u0142ocie w 2025 roku<\/strong><\/p>\n\n\n\n<ul style=\"font-size:17px\" class=\"wp-block-list has-black-color has-text-color has-link-color wp-elements-6e1765ce3727788534b7c45555b83e2c\">\n<li style=\"font-size:19px\">Sk\u0142adka cz\u0142onkowska \u2013 10 z\u0142<\/li>\n\n\n\n<li style=\"font-size:19px\">Op\u0142ata za wyw\u00f3z \u015bmieci \u2013 130 z\u0142<\/li>\n\n\n\n<li style=\"font-size:19px\">Fundusz rozwoju \u2013 25 z\u0142<\/li>\n\n\n\n<li style=\"font-size:19px\">Elektryfikacja \u2013 350 z\u0142<\/li>\n\n\n\n<li style=\"font-size:19px\">Partycypacja finansowa w inwestycje &#8211; dom modu\u0142owy na siedzib\u0119 Zarz\u0105du &#8211; 10 z\u0142<\/li>\n\n\n\n<li style=\"font-size:19px\">Op\u0142ata za dzia\u0142k\u0119 za m2 \u2013 1 z\u0142<br><br><\/li>\n<\/ul>\n\n\n\n<p class=\"has-black-color has-text-color has-link-color has-medium-font-size wp-elements-ae8f991133c910b7a09e6df1582fc0cb\"><strong>Instrukcja dokonywania op\u0142at:<\/strong><\/p>\n\n\n\n<p class=\"has-black-color has-text-color has-link-color wp-elements-bba516df99374cc8241348bc649f10cc\" style=\"font-size:19px\">Op\u0142aty nale\u017cy dokona\u0107 na konto ROD Zab\u0142ocie do <strong>30 czerwca 2025.<\/strong><\/p>\n\n\n\n<p class=\"has-black-color has-text-color has-link-color wp-elements-b674b1c71506107e8a69bfa40bbaeede\" style=\"font-size:19px\">Nr rachunku <strong>92 1020 5242 0000 2202 0115 2040<\/strong><\/p>\n\n\n\n<p class=\"has-text-align-center has-large-font-size\">W tytule przelewu\/wp\u0142aty podajemy imi\u0119 i nazwisko dzia\u0142kowca, numer dzia\u0142ki oraz kt\u00f3re Zab\u0142ocie. Tylko tak zatytu\u0142owane przelewy\/wp\u0142aty mog\u0105 zosta\u0107 prawid\u0142owo zaksi\u0119gowane. <\/p>\n\n\n\n<p class=\"has-text-align-center has-large-font-size\">W razie jakichkolwiek pyta\u0144 dotycz\u0105cych op\u0142at, zapraszamy do kontaktu drog\u0105 mailow\u0105: skarbnikrodzablocie@wp.pl<\/p>\n\n\n\n<p><\/p>\n<\/div><\/div>\n","protected":false},"excerpt":{"rendered":"","protected":false},"author":1,"featured_media":0,"parent":0,"menu_order":0,"comment_status":"closed","ping_status":"closed","template":"","meta":{"ngg_post_thumbnail":0,"footnotes":""},"class_list":["post-63","page","type-page","status-publish","hentry"],"_links":{"self":[{"href":"https:\/\/rodzablocie.eu\/index.php?rest_route=\/wp\/v2\/pages\/63","targetHints":{"allow":["GET"]}}],"collection":[{"href":"https:\/\/rodzablocie.eu\/index.php?rest_route=\/wp\/v2\/pages"}],"about":[{"href":"https:\/\/rodzablocie.eu\/index.php?rest_route=\/wp\/v2\/types\/page"}],"author":[{"embeddable":true,"href":"https:\/\/rodzablocie.eu\/index.php?rest_route=\/wp\/v2\/users\/1"}],"replies":[{"embeddable":true,"href":"https:\/\/rodzablocie.eu\/index.php?rest_route=%2Fwp%2Fv2%2Fcomments&post=63"}],"version-history":[{"count":38,"href":"https:\/\/rodzablocie.eu\/index.php?rest_route=\/wp\/v2\/pages\/63\/revisions"}],"predecessor-version":[{"id":1016,"href":"https:\/\/rodzablocie.eu\/index.php?rest_route=\/wp\/v2\/pages\/63\/revisions\/1016"}],"wp:attachment":[{"href":"https:\/\/rodzablocie.eu\/index.php?rest_route=%2Fwp%2Fv2%2Fmedia&parent=63"}],"curies":[{"name":"wp","href":"https:\/\/api.w.org\/{rel}","templated":true}]}}