{"id":1347,"date":"2026-04-01T14:18:45","date_gmt":"2026-04-01T12:18:45","guid":{"rendered":"https:\/\/rodzablocie.eu\/?page_id=1347"},"modified":"2026-04-01T14:24:27","modified_gmt":"2026-04-01T12:24:27","slug":"wywoz-odpadow-gabarytow","status":"publish","type":"page","link":"https:\/\/rodzablocie.eu\/?page_id=1347","title":{"rendered":"Wyw\u00f3z odpad\u00f3w gabarytowych"},"content":{"rendered":"\n<p class=\"has-black-color has-text-color has-link-color wp-elements-c734efdc1d7bab684959cc395fb7af2b\" style=\"font-size:17px\">Drodzy Dzia\u0142kowicze,<\/p>\n\n\n\n<p class=\"has-black-color has-text-color has-link-color wp-elements-4d04a4c405bc6f23cf3093f042c704b7\" style=\"font-size:17px\">Pod poni\u017cszym linkiem mo\u017cecie sprawdzi\u0107 harmonogram i lokalizacje gdzie podstawiane s\u0105 kontenery dla odpad\u00f3w gabarytowych dla osiedli Pilczyce-Kozan\u00f3w-Popowice P\u0142n<\/p>\n\n\n\n<div class=\"wp-block-buttons is-layout-flex wp-block-buttons-is-layout-flex\">\n<div class=\"wp-block-button is-style-fill\"><a class=\"wp-block-button__link wp-element-button\" href=\"https:\/\/gabaryty.ekosystem.wroc.pl\/tabela-wywozu-odpadow\/?estate=22\">Harmonogram<\/a><\/div>\n<\/div>\n\n\n\n<p><\/p>\n","protected":false},"excerpt":{"rendered":"<p>Drodzy Dzia\u0142kowicze, Pod poni\u017cszym linkiem mo\u017cecie sprawdzi\u0107 harmonogram i lokalizacje gdzie podstawiane s\u0105 kontenery dla odpad\u00f3w gabarytowych dla osiedli Pilczyce-Kozan\u00f3w-Popowice P\u0142n<\/p>\n","protected":false},"author":1,"featured_media":1354,"parent":0,"menu_order":0,"comment_status":"closed","ping_status":"closed","template":"","meta":{"ngg_post_thumbnail":0,"footnotes":""},"class_list":["post-1347","page","type-page","status-publish","has-post-thumbnail","hentry"],"_links":{"self":[{"href":"https:\/\/rodzablocie.eu\/index.php?rest_route=\/wp\/v2\/pages\/1347","targetHints":{"allow":["GET"]}}],"collection":[{"href":"https:\/\/rodzablocie.eu\/index.php?rest_route=\/wp\/v2\/pages"}],"about":[{"href":"https:\/\/rodzablocie.eu\/index.php?rest_route=\/wp\/v2\/types\/page"}],"author":[{"embeddable":true,"href":"https:\/\/rodzablocie.eu\/index.php?rest_route=\/wp\/v2\/users\/1"}],"replies":[{"embeddable":true,"href":"https:\/\/rodzablocie.eu\/index.php?rest_route=%2Fwp%2Fv2%2Fcomments&post=1347"}],"version-history":[{"count":8,"href":"https:\/\/rodzablocie.eu\/index.php?rest_route=\/wp\/v2\/pages\/1347\/revisions"}],"predecessor-version":[{"id":1356,"href":"https:\/\/rodzablocie.eu\/index.php?rest_route=\/wp\/v2\/pages\/1347\/revisions\/1356"}],"wp:featuredmedia":[{"embeddable":true,"href":"https:\/\/rodzablocie.eu\/index.php?rest_route=\/wp\/v2\/media\/1354"}],"wp:attachment":[{"href":"https:\/\/rodzablocie.eu\/index.php?rest_route=%2Fwp%2Fv2%2Fmedia&parent=1347"}],"curies":[{"name":"wp","href":"https:\/\/api.w.org\/{rel}","templated":true}]}}